{"id":834,"date":"2026-02-19T14:03:07","date_gmt":"2026-02-19T12:03:07","guid":{"rendered":"https:\/\/www.printrovertti.fi\/?page_id=834"},"modified":"2026-04-09T09:18:19","modified_gmt":"2026-04-09T06:18:19","slug":"ota-yhteytta","status":"publish","type":"page","link":"https:\/\/www.printrovertti.fi\/index.php\/ota-yhteytta\/","title":{"rendered":"Ota yhteytt\u00e4"},"content":{"rendered":"<style>.kb-row-layout-id834_68ff3c-ff > .kt-row-column-wrap{align-content:start;}:where(.kb-row-layout-id834_68ff3c-ff > .kt-row-column-wrap) > .wp-block-kadence-column{justify-content:start;}.kb-row-layout-id834_68ff3c-ff > .kt-row-column-wrap{column-gap:var(--global-kb-gap-md, 2rem);row-gap:var(--global-kb-gap-md, 2rem);max-width:var( --global-content-width, 1290px );padding-left:var(--global-content-edge-padding);padding-right:var(--global-content-edge-padding);padding-top:var(--global-kb-spacing-3xl, 6.5rem);padding-bottom:var(--global-kb-spacing-3xl, 6.5rem);padding-left:0px;grid-template-columns:minmax(0, 1fr);}.kb-row-layout-id834_68ff3c-ff > .kt-row-layout-overlay{opacity:0.80;}.kb-row-layout-id834_68ff3c-ff ,.kb-row-layout-id834_68ff3c-ff h1,.kb-row-layout-id834_68ff3c-ff h2,.kb-row-layout-id834_68ff3c-ff h3,.kb-row-layout-id834_68ff3c-ff h4,.kb-row-layout-id834_68ff3c-ff h5,.kb-row-layout-id834_68ff3c-ff h6{color:var(--global-palette3, #1A202C);}.kb-row-layout-id834_68ff3c-ff a{color:var(--global-palette4, #2D3748);}.kb-row-layout-id834_68ff3c-ff a:hover{color:var(--global-palette5, #4A5568);}@media all and (max-width: 1024px){.kb-row-layout-id834_68ff3c-ff > .kt-row-column-wrap{grid-template-columns:minmax(0, 1fr);}}@media all and (max-width: 767px){.kb-row-layout-id834_68ff3c-ff > .kt-row-column-wrap{grid-template-columns:minmax(0, 1fr);}}<\/style><div class=\"kb-row-layout-wrap kb-row-layout-id834_68ff3c-ff aligncenter has-theme-palette9-background-color kt-row-has-bg wp-block-kadence-rowlayout\"><div class=\"kt-row-column-wrap kt-has-1-columns kt-row-layout-equal kt-tab-layout-inherit kt-mobile-layout-row kt-row-valign-top kb-theme-content-width\">\n<style>.kadence-column834_8a03ca-7b > .kt-inside-inner-col,.kadence-column834_8a03ca-7b > .kt-inside-inner-col:before{border-top-left-radius:0px;border-top-right-radius:0px;border-bottom-right-radius:0px;border-bottom-left-radius:0px;}.kadence-column834_8a03ca-7b > .kt-inside-inner-col{column-gap:var(--global-kb-gap-sm, 1rem);}.kadence-column834_8a03ca-7b > .kt-inside-inner-col{flex-direction:column;}.kadence-column834_8a03ca-7b > .kt-inside-inner-col > .aligncenter{width:100%;}.kadence-column834_8a03ca-7b > .kt-inside-inner-col:before{opacity:0.3;}.kadence-column834_8a03ca-7b{position:relative;}@media all and (max-width: 1024px){.kadence-column834_8a03ca-7b > .kt-inside-inner-col{flex-direction:column;justify-content:center;}}@media all and (max-width: 767px){.kadence-column834_8a03ca-7b > .kt-inside-inner-col{flex-direction:column;justify-content:center;}}<\/style>\n<div class=\"wp-block-kadence-column kadence-column834_8a03ca-7b\"><div class=\"kt-inside-inner-col\"><style>.wp-block-kadence-advancedheading.kt-adv-heading834_7d65e0-dd, .wp-block-kadence-advancedheading.kt-adv-heading834_7d65e0-dd[data-kb-block=\"kb-adv-heading834_7d65e0-dd\"]{margin-top:0px;text-align:left;font-size:var(--global-kb-font-size-lg, 2rem);line-height:1.2;font-style:normal;}.wp-block-kadence-advancedheading.kt-adv-heading834_7d65e0-dd mark.kt-highlight, .wp-block-kadence-advancedheading.kt-adv-heading834_7d65e0-dd[data-kb-block=\"kb-adv-heading834_7d65e0-dd\"] mark.kt-highlight{font-style:normal;color:#f76a0c;-webkit-box-decoration-break:clone;box-decoration-break:clone;padding-top:0px;padding-right:0px;padding-bottom:0px;padding-left:0px;}.wp-block-kadence-advancedheading.kt-adv-heading834_7d65e0-dd img.kb-inline-image, .wp-block-kadence-advancedheading.kt-adv-heading834_7d65e0-dd[data-kb-block=\"kb-adv-heading834_7d65e0-dd\"] img.kb-inline-image{width:150px;vertical-align:baseline;}@media all and (max-width: 1024px){.wp-block-kadence-advancedheading.kt-adv-heading834_7d65e0-dd, .wp-block-kadence-advancedheading.kt-adv-heading834_7d65e0-dd[data-kb-block=\"kb-adv-heading834_7d65e0-dd\"]{text-align:center!important;}}<\/style>\n<h2 class=\"kt-adv-heading834_7d65e0-dd wp-block-kadence-advancedheading has-theme-palette-3-color has-text-color\" data-kb-block=\"kb-adv-heading834_7d65e0-dd\">tarvitsetko kirjoittajaa?<\/h2>\n\n\n<style>.wp-block-kadence-advancedheading.kt-adv-heading834_cc0a7d-fd, .wp-block-kadence-advancedheading.kt-adv-heading834_cc0a7d-fd[data-kb-block=\"kb-adv-heading834_cc0a7d-fd\"]{text-align:left;font-style:normal;}.wp-block-kadence-advancedheading.kt-adv-heading834_cc0a7d-fd mark.kt-highlight, .wp-block-kadence-advancedheading.kt-adv-heading834_cc0a7d-fd[data-kb-block=\"kb-adv-heading834_cc0a7d-fd\"] mark.kt-highlight{font-style:normal;color:#f76a0c;-webkit-box-decoration-break:clone;box-decoration-break:clone;padding-top:0px;padding-right:0px;padding-bottom:0px;padding-left:0px;}.wp-block-kadence-advancedheading.kt-adv-heading834_cc0a7d-fd img.kb-inline-image, .wp-block-kadence-advancedheading.kt-adv-heading834_cc0a7d-fd[data-kb-block=\"kb-adv-heading834_cc0a7d-fd\"] img.kb-inline-image{width:150px;vertical-align:baseline;}@media all and (max-width: 1024px){.wp-block-kadence-advancedheading.kt-adv-heading834_cc0a7d-fd, .wp-block-kadence-advancedheading.kt-adv-heading834_cc0a7d-fd[data-kb-block=\"kb-adv-heading834_cc0a7d-fd\"]{text-align:center!important;}}<\/style>\n<p class=\"kt-adv-heading834_cc0a7d-fd wp-block-kadence-advancedheading has-theme-palette-3-color has-text-color\" data-kb-block=\"kb-adv-heading834_cc0a7d-fd\">Essee, kolumni, henkil\u00f6juttu, feature, lehtiartikkeli, blogiartikkeli&#8230;<\/p>\n\n\n\n<p>Nimeni on Hanna Salmisto. Voit ottaa minuun yhteytt\u00e4 alla olevalla lomakkeella.<\/p>\n<\/div><\/div>\n\n<\/div><\/div>\n\n<div class='fluentform ff-default fluentform_wrapper_7  ff_guten_block ff_guten_block-7 ffs_default_wrap'><form data-form_id=\"7\" id=\"fluentform_7\" class=\"frm-fluent-form fluent_form_7 ff-el-form-top ff_form_instance_7_1 ff-form-loading ffs_default\" data-form_instance=\"ff_form_instance_7_1\" method=\"POST\" ><fieldset  style=\"border: none!important;margin: 0!important;padding: 0!important;background-color: transparent!important;box-shadow: none!important;outline: none!important; min-inline-size: 100%;\">\n                    <legend class=\"ff_screen_reader_title\" style=\"display: block; margin: 0!important;padding: 0!important;height: 0!important;text-indent: -999999px;width: 0!important;overflow:hidden;\">Ota yhteytt\u00e4, uusi<\/legend><input type='hidden' name='__fluent_form_embded_post_id' value='834' \/><input type=\"hidden\" id=\"_fluentform_7_fluentformnonce\" name=\"_fluentform_7_fluentformnonce\" value=\"952fd4d0a6\" \/><input type=\"hidden\" name=\"_wp_http_referer\" value=\"\/index.php\/wp-json\/wp\/v2\/pages\/834\" \/><div data-type=\"name-element\" data-name=\"names\" class=\" ff-field_container ff-name-field-wrapper\" ><div class='ff-t-container'><div class='ff-t-cell '><div class='ff-el-group ff-el-form-top'><div class=\"ff-el-input--label ff-el-is-required asterisk-right\"><label for='ff_7_names_first_name_' id='label_ff_7_names_first_name_' >Nimi<\/label><\/div><div class='ff-el-input--content'><input type=\"text\" name=\"names[first_name]\" id=\"ff_7_names_first_name_\" class=\"ff-el-form-control\" aria-invalid=\"false\" aria-required=true><\/div><\/div><\/div><\/div><\/div><div class='ff-el-group'><div class=\"ff-el-input--label ff-el-is-required asterisk-right\"><label for='ff_7_email' id='label_ff_7_email' aria-label=\"S\u00e4hk\u00f6posti\">S\u00e4hk\u00f6posti<\/label><\/div><div class='ff-el-input--content'><input type=\"email\" name=\"email\" id=\"ff_7_email\" class=\"ff-el-form-control\" data-name=\"email\"  aria-invalid=\"false\" aria-required=true><\/div><\/div><div class='ff-el-group'><div class=\"ff-el-input--label ff-el-is-required asterisk-right\"><label for='ff_7_description' id='label_ff_7_description' aria-label=\"Viesti\">Viesti<\/label><\/div><div class='ff-el-input--content'><textarea aria-required=\"true\" aria-labelledby=\"label_ff_7_description\" name=\"description\" id=\"ff_7_description\" class=\"ff-el-form-control\" rows=\"6\" cols=\"2\" data-name=\"description\" ><\/textarea><\/div><\/div><div class='ff-el-group ff-text-left ff_submit_btn_wrapper'><button type=\"submit\" class=\"ff-btn ff-btn-submit ff-btn-md ff_btn_style wpf_has_custom_css\"  aria-label=\"L\u00e4het\u00e4\">L\u00e4het\u00e4<\/button><\/div><\/fieldset><\/form><div id='fluentform_7_errors' class='ff-errors-in-stack ff_form_instance_7_1 ff-form-loading_errors ff_form_instance_7_1_errors'><\/div><\/div>            <script type=\"text\/javascript\">\n                window.fluent_form_ff_form_instance_7_1 = {\"id\":\"7\",\"ajaxUrl\":\"https:\\\/\\\/www.printrovertti.fi\\\/wp-admin\\\/admin-ajax.php\",\"settings\":{\"layout\":{\"labelPlacement\":\"top\",\"asteriskPlacement\":\"asterisk-right\",\"helpMessagePlacement\":\"with_label\",\"errorMessagePlacement\":\"inline\",\"cssClassName\":\"\"},\"restrictions\":{\"denyEmptySubmission\":{\"enabled\":false}}},\"form_instance\":\"ff_form_instance_7_1\",\"form_id_selector\":\"fluentform_7\",\"rules\":{\"names[first_name]\":{\"required\":{\"value\":true,\"message\":\"This field is required\",\"global_message\":\"This field is required\",\"global\":true}},\"names[middle_name]\":{\"required\":{\"value\":false,\"message\":\"This field is required\",\"global_message\":\"This field is required\",\"global\":true}},\"names[last_name]\":{\"required\":{\"value\":false,\"message\":\"This field is required\",\"global_message\":\"This field is required\",\"global\":true}},\"email\":{\"required\":{\"value\":true,\"message\":\"This field is required\",\"global_message\":\"This field is required\",\"global\":true},\"email\":{\"value\":true,\"message\":\"This field must contain a valid email\",\"global_message\":\"This field must contain a valid email\",\"global\":true}},\"description\":{\"required\":{\"value\":true,\"message\":\"This field is required\",\"global_message\":\"This field is required\",\"global\":true}}},\"debounce_time\":300};\n                            <\/script>\n            \n\n\n<p class=\"has-small-font-size\">Yhteystietojasi ei jaeta ulkopuolisille. L\u00e4hett\u00e4m\u00e4ll\u00e4 hyv\u00e4ksyt <a href=\"https:\/\/www.printrovertti.fi\/index.php\/privacy-policy\/\" type=\"page\" id=\"3\">tietosuojak\u00e4yt\u00e4nn\u00f6n<\/a>.<\/p>\n\n\n\n<p>Voit my\u00f6s l\u00e4hett\u00e4\u00e4 s\u00e4hk\u00f6postia osoitteeseen: hanna@printrovertti.fi.<\/p>\n\n\n\n<div style=\"height:59px\" aria-hidden=\"true\" class=\"wp-block-spacer\"><\/div>\n\n\n<style>.kt-blocks-testimonials-wrap834_6f1e79-6e .kt-svg-testimonial-global-icon{color:var(--global-palette1, #3182CE);font-size:40px;border-top:1px solid var(--global-palette1, #3182CE);border-right:1px solid var(--global-palette1, #3182CE);border-bottom:1px solid var(--global-palette1, #3182CE);border-left:1px solid var(--global-palette1, #3182CE);}.kt-blocks-testimonials-wrap834_6f1e79-6e .kt-testimonial-item-0 .kt-svg-testimonial-icon{font-size:50px;}.kt-blocks-testimonials-wrap834_6f1e79-6e .kt-testimonial-rating-wrap .kb-svg-icon-wrap{color:#ffd700;font-size:16px;}.kt-blocks-testimonials-wrap834_6f1e79-6e .kt-testimonial-grid-wrap{gap:var(--global-kb-gap-md, 2rem);}.kt-blocks-testimonials-wrap834_6f1e79-6e .kt-testimonial-item-wrap{padding-top:20px;padding-right:0px;padding-bottom:20px;padding-left:0px;}.kt-blocks-testimonials-wrap834_6f1e79-6e .kt-testimonial-occupation{font-size:15px;}.kt-blocks-testimonials-wrap834_6f1e79-6e .kt-testimonial-item-wrap{max-width:500px;}.kt-blocks-testimonials-wrap834_6f1e79-6e .kt-testimonial-item-wrap{border-top-right-radius:1px;}.kt-blocks-testimonials-wrap834_6f1e79-6e .kt-testimonial-media-inner-wrap{width:60px;border-top:0px solid;border-right:0px solid;border-bottom:0px solid;border-left:0px solid;padding-top:0px;padding-right:0px;padding-bottom:0px;padding-left:0px;}.kt-blocks-testimonials-wrap834_6f1e79-6e .kt-svg-testimonial-icon{justify-content:center;align-items:center;}.kt-blocks-testimonials-wrap834_6f1e79-6e .kt-svg-testimonial-global-icon svg{display:inline-block;vertical-align:middle;}@media all and (max-width: 1024px){.kt-blocks-testimonials-wrap834_6f1e79-6e .kt-svg-testimonial-global-icon{border-top:1px solid var(--global-palette1, #3182CE);border-right:1px solid var(--global-palette1, #3182CE);border-bottom:1px solid var(--global-palette1, #3182CE);border-left:1px solid var(--global-palette1, #3182CE);}}@media all and (max-width: 1024px){.kt-blocks-testimonials-wrap834_6f1e79-6e .kt-testimonial-media-inner-wrap{border-top:0px solid;border-right:0px solid;border-bottom:0px solid;border-left:0px solid;}}@media all and (max-width: 767px){.kt-blocks-testimonials-wrap834_6f1e79-6e .kt-svg-testimonial-global-icon{border-top:1px solid var(--global-palette1, #3182CE);border-right:1px solid var(--global-palette1, #3182CE);border-bottom:1px solid var(--global-palette1, #3182CE);border-left:1px solid var(--global-palette1, #3182CE);}.kt-blocks-testimonials-wrap834_6f1e79-6e{padding-top:px;padding-bottom:px;margin-top:px;margin-bottom:px;}.kt-blocks-testimonials-wrap834_6f1e79-6e .kt-testimonial-media-inner-wrap{border-top:0px solid;border-right:0px solid;border-bottom:0px solid;border-left:0px solid;}}<\/style><div class=\"kt-blocks-testimonials-wrap834_6f1e79-6e kt-testimonial-halign-left kt-testimonial-style-basic kt-testimonials-media-on kt-testimonials-icon-on kt-testimonial-columns-1 kt-t-xxl-col-1 kt-t-xl-col-1 kt-t-lg-col-1 kt-t-md-col-1 kt-t-sm-col-1 kt-t-xs-col-1 wp-block-kadence-testimonials\"><ul class=\"kt-blocks-testimonials-inner-wrap kt-testimonial-grid-wrap\">\n<li class=\"kt-testimonial-grid-item\"><div class=\"kt-testimonial-item-wrap kt-testimonial-item-834_02cba0-d1 wp-block-kadence-testimonial\"><div class=\"kt-testimonial-text-wrap\"><div class=\"kt-svg-testimonial-global-icon-wrap\"><div class='kt-svg-testimonial-global-icon kt-svg-testimonial-global-icon-icon-fas_quote-left'><svg viewBox=\"0 0 512 512\"  fill=\"currentColor\" xmlns=\"http:\/\/www.w3.org\/2000\/svg\"  aria-hidden=\"true\"><path d=\"M464 256h-80v-64c0-35.3 28.7-64 64-64h8c13.3 0 24-10.7 24-24V56c0-13.3-10.7-24-24-24h-8c-88.4 0-160 71.6-160 160v240c0 26.5 21.5 48 48 48h128c26.5 0 48-21.5 48-48V304c0-26.5-21.5-48-48-48zm-288 0H96v-64c0-35.3 28.7-64 64-64h8c13.3 0 24-10.7 24-24V56c0-13.3-10.7-24-24-24h-8C71.6 32 0 103.6 0 192v240c0 26.5 21.5 48 48 48h128c26.5 0 48-21.5 48-48V304c0-26.5-21.5-48-48-48z\"\/><\/svg><\/div><\/div><div class=\"kt-testimonial-title-wrap\"><h2 class=\"kt-testimonial-title\"><em>Jokaisella yritt\u00e4j\u00e4ll\u00e4 tulisi olla oma Hanna.<\/em><\/h2><\/div><div class=\"kt-testimonial-content-wrap\"><blockquote class=\"kt-testimonial-content\"><em>\u201cYksinyritt\u00e4j\u00e4n\u00e4 t\u00e4ytyy sek\u00e4 ehti\u00e4, osata ett\u00e4 jaksaa kaikenlaista.\u00a0Esim. somesis\u00e4lt\u00f6jen ja blogitekstien tuottaminen j\u00e4rkev\u00e4sti vaatii kokonaisuuden n\u00e4kemist\u00e4, aikaa ja voimavaroja kirjoittamiseen.\u00a0Olen huomannut, ett\u00e4 itsell\u00e4ni ajoittainen stressi heikent\u00e4\u00e4 kyky\u00e4 suorittaa v\u00e4h\u00e4nk\u00e4\u00e4n luovuutta vaativia teht\u00e4vi\u00e4, joka taas lis\u00e4\u00e4 stressi\u00e4.<\/em><br><em>Minulle ratkaisu l\u00f6ytyi onneksi l\u00e4helt\u00e4: pyysin Hannaa auttamaan\u00a0ensin\u00a0tuotetekstien kirjoittamisessa. Kun huomasin, kuinka paljon se vapautti itselt\u00e4ni energiaa omiin osaamisalueisiini keskittymiseen, halusin k\u00e4ytt\u00e4\u00e4 Hannan apua muissakin tekstimateriaaleissa.<br>Hanna on oikea kirjoittava jukebox! H\u00e4n ollut valtavan suuri apu yritykselleni, mutta muutenkin kuin tekstien tuottajana;\u00a0Hanna on superhyv\u00e4 hahmottamaan kokonaisuuksia, suunnittelemaan aikatauluja ja motivoimaan. H\u00e4nen ansiostaan projektit ovat edenneet j\u00e4rkev\u00e4sti ja oikeaan aikaan, ilman turhaa stressi\u00e4. Hanna pit\u00e4\u00e4 huolen siit\u00e4, ett\u00e4 aikataulussa pysyt\u00e4\u00e4n, muistuttaa tulevista dead lineista ja tsemppaa matkan varrella. Hanna on luotettava ja tarkka, ja ty\u00f6skentely Hannan kanssa on ollut paitsi tehokasta my\u00f6s hauskaa.<br>En siis voi kuin suositella l\u00e4mpim\u00e4sti, jos omassa toiminnassasi huomaat samoja haasteita kuin minulla. Jokaisella yritt\u00e4j\u00e4ll\u00e4 pit\u00e4isi olla oma Hanna!<\/em><br><em>PS T\u00e4m\u00e4n tekstin kirjoitin kyll\u00e4 itse.\u201d<\/em><\/blockquote><\/div><\/div><div class=\"kt-testimonial-meta-wrap\"><div class=\"kt-testimonial-meta-name-wrap\"><div class=\"kt-testimonial-name-wrap\"><div class=\"kt-testimonial-name\"><strong>Maareta Ahonen-Bogdanoff<\/strong><\/div><\/div><div class=\"kt-testimonial-occupation-wrap\"><div class=\"kt-testimonial-occupation\"><a href=\"https:\/\/www.malankadesign.fi\/\">MALANKA<\/a> Kosmetiikka<\/div><\/div><\/div><\/div><\/div><\/li>\n<\/ul><\/div>\n\n\n<div style=\"height:206px\" aria-hidden=\"true\" class=\"wp-block-spacer\"><\/div>\n","protected":false},"excerpt":{"rendered":"<p>tarvitsetko kirjoittajaa? Essee, kolumni, henkil\u00f6juttu, feature, lehtiartikkeli, blogiartikkeli&#8230; Nimeni on Hanna Salmisto. Voit ottaa minuun yhteytt\u00e4 alla olevalla lomakkeella. Yhteystietojasi ei jaeta ulkopuolisille. L\u00e4hett\u00e4m\u00e4ll\u00e4 hyv\u00e4ksyt tietosuojak\u00e4yt\u00e4nn\u00f6n. Voit my\u00f6s l\u00e4hett\u00e4\u00e4 s\u00e4hk\u00f6postia osoitteeseen: hanna@printrovertti.fi.<\/p>\n","protected":false},"author":1,"featured_media":0,"parent":0,"menu_order":0,"comment_status":"closed","ping_status":"closed","template":"","meta":{"_kadence_starter_templates_imported_post":false,"_kad_post_transparent":"","_kad_post_title":"","_kad_post_layout":"narrow","_kad_post_sidebar_id":"","_kad_post_content_style":"","_kad_post_vertical_padding":"","_kad_post_feature":"","_kad_post_feature_position":"","_kad_post_header":false,"_kad_post_footer":false,"_kad_post_classname":"","iawp_total_views":10,"footnotes":""},"class_list":["post-834","page","type-page","status-publish","hentry"],"yoast_head":"<!-- This site is optimized with the Yoast SEO plugin v27.4 - https:\/\/yoast.com\/product\/yoast-seo-wordpress\/ -->\n<title>Ota yhteytt\u00e4 - Printrovertti<\/title>\n<meta name=\"description\" content=\"Ota yhteytt\u00e4, kun tarvitset kirjoittajaa.\" \/>\n<meta name=\"robots\" content=\"index, follow, max-snippet:-1, max-image-preview:large, max-video-preview:-1\" \/>\n<link rel=\"canonical\" href=\"https:\/\/www.printrovertti.fi\/index.php\/ota-yhteytta\/\" \/>\n<meta property=\"og:locale\" content=\"fi_FI\" \/>\n<meta property=\"og:type\" content=\"article\" \/>\n<meta property=\"og:title\" content=\"Ota yhteytt\u00e4 - Printrovertti\" \/>\n<meta property=\"og:description\" content=\"Ota yhteytt\u00e4, kun tarvitset kirjoittajaa.\" \/>\n<meta property=\"og:url\" content=\"https:\/\/www.printrovertti.fi\/index.php\/ota-yhteytta\/\" \/>\n<meta property=\"og:site_name\" content=\"Printrovertti\" \/>\n<meta property=\"article:modified_time\" content=\"2026-04-09T06:18:19+00:00\" \/>\n<meta name=\"twitter:card\" content=\"summary_large_image\" \/>\n<meta name=\"twitter:label1\" content=\"Arvioitu lukuaika\" \/>\n\t<meta name=\"twitter:data1\" content=\"1 minuutti\" \/>\n<script type=\"application\/ld+json\" class=\"yoast-schema-graph\">{\"@context\":\"https:\\\/\\\/schema.org\",\"@graph\":[{\"@type\":\"WebPage\",\"@id\":\"https:\\\/\\\/www.printrovertti.fi\\\/index.php\\\/ota-yhteytta\\\/\",\"url\":\"https:\\\/\\\/www.printrovertti.fi\\\/index.php\\\/ota-yhteytta\\\/\",\"name\":\"Ota yhteytt\u00e4 - Printrovertti\",\"isPartOf\":{\"@id\":\"https:\\\/\\\/www.printrovertti.fi\\\/#website\"},\"datePublished\":\"2026-02-19T12:03:07+00:00\",\"dateModified\":\"2026-04-09T06:18:19+00:00\",\"description\":\"Ota yhteytt\u00e4, kun tarvitset kirjoittajaa.\",\"breadcrumb\":{\"@id\":\"https:\\\/\\\/www.printrovertti.fi\\\/index.php\\\/ota-yhteytta\\\/#breadcrumb\"},\"inLanguage\":\"fi\",\"potentialAction\":[{\"@type\":\"ReadAction\",\"target\":[\"https:\\\/\\\/www.printrovertti.fi\\\/index.php\\\/ota-yhteytta\\\/\"]}]},{\"@type\":\"BreadcrumbList\",\"@id\":\"https:\\\/\\\/www.printrovertti.fi\\\/index.php\\\/ota-yhteytta\\\/#breadcrumb\",\"itemListElement\":[{\"@type\":\"ListItem\",\"position\":1,\"name\":\"Etusivu\",\"item\":\"https:\\\/\\\/www.printrovertti.fi\\\/\"},{\"@type\":\"ListItem\",\"position\":2,\"name\":\"Ota yhteytt\u00e4\"}]},{\"@type\":\"WebSite\",\"@id\":\"https:\\\/\\\/www.printrovertti.fi\\\/#website\",\"url\":\"https:\\\/\\\/www.printrovertti.fi\\\/\",\"name\":\"Printrovertti\",\"description\":\"Kirjoittajan kotisivu ja julkaisualusta\",\"publisher\":{\"@id\":\"https:\\\/\\\/www.printrovertti.fi\\\/#organization\"},\"potentialAction\":[{\"@type\":\"SearchAction\",\"target\":{\"@type\":\"EntryPoint\",\"urlTemplate\":\"https:\\\/\\\/www.printrovertti.fi\\\/?s={search_term_string}\"},\"query-input\":{\"@type\":\"PropertyValueSpecification\",\"valueRequired\":true,\"valueName\":\"search_term_string\"}}],\"inLanguage\":\"fi\"},{\"@type\":\"Organization\",\"@id\":\"https:\\\/\\\/www.printrovertti.fi\\\/#organization\",\"name\":\"Printrovertti\",\"url\":\"https:\\\/\\\/www.printrovertti.fi\\\/\",\"logo\":{\"@type\":\"ImageObject\",\"inLanguage\":\"fi\",\"@id\":\"https:\\\/\\\/www.printrovertti.fi\\\/#\\\/schema\\\/logo\\\/image\\\/\",\"url\":\"https:\\\/\\\/www.printrovertti.fi\\\/wp-content\\\/uploads\\\/2026\\\/02\\\/cropped-print.png\",\"contentUrl\":\"https:\\\/\\\/www.printrovertti.fi\\\/wp-content\\\/uploads\\\/2026\\\/02\\\/cropped-print.png\",\"width\":1998,\"height\":799,\"caption\":\"Printrovertti\"},\"image\":{\"@id\":\"https:\\\/\\\/www.printrovertti.fi\\\/#\\\/schema\\\/logo\\\/image\\\/\"}}]}<\/script>\n<!-- \/ Yoast SEO plugin. -->","yoast_head_json":{"title":"Ota yhteytt\u00e4 - Printrovertti","description":"Ota yhteytt\u00e4, kun tarvitset kirjoittajaa.","robots":{"index":"index","follow":"follow","max-snippet":"max-snippet:-1","max-image-preview":"max-image-preview:large","max-video-preview":"max-video-preview:-1"},"canonical":"https:\/\/www.printrovertti.fi\/index.php\/ota-yhteytta\/","og_locale":"fi_FI","og_type":"article","og_title":"Ota yhteytt\u00e4 - Printrovertti","og_description":"Ota yhteytt\u00e4, kun tarvitset kirjoittajaa.","og_url":"https:\/\/www.printrovertti.fi\/index.php\/ota-yhteytta\/","og_site_name":"Printrovertti","article_modified_time":"2026-04-09T06:18:19+00:00","twitter_card":"summary_large_image","twitter_misc":{"Arvioitu lukuaika":"1 minuutti"},"schema":{"@context":"https:\/\/schema.org","@graph":[{"@type":"WebPage","@id":"https:\/\/www.printrovertti.fi\/index.php\/ota-yhteytta\/","url":"https:\/\/www.printrovertti.fi\/index.php\/ota-yhteytta\/","name":"Ota yhteytt\u00e4 - Printrovertti","isPartOf":{"@id":"https:\/\/www.printrovertti.fi\/#website"},"datePublished":"2026-02-19T12:03:07+00:00","dateModified":"2026-04-09T06:18:19+00:00","description":"Ota yhteytt\u00e4, kun tarvitset kirjoittajaa.","breadcrumb":{"@id":"https:\/\/www.printrovertti.fi\/index.php\/ota-yhteytta\/#breadcrumb"},"inLanguage":"fi","potentialAction":[{"@type":"ReadAction","target":["https:\/\/www.printrovertti.fi\/index.php\/ota-yhteytta\/"]}]},{"@type":"BreadcrumbList","@id":"https:\/\/www.printrovertti.fi\/index.php\/ota-yhteytta\/#breadcrumb","itemListElement":[{"@type":"ListItem","position":1,"name":"Etusivu","item":"https:\/\/www.printrovertti.fi\/"},{"@type":"ListItem","position":2,"name":"Ota yhteytt\u00e4"}]},{"@type":"WebSite","@id":"https:\/\/www.printrovertti.fi\/#website","url":"https:\/\/www.printrovertti.fi\/","name":"Printrovertti","description":"Kirjoittajan kotisivu ja julkaisualusta","publisher":{"@id":"https:\/\/www.printrovertti.fi\/#organization"},"potentialAction":[{"@type":"SearchAction","target":{"@type":"EntryPoint","urlTemplate":"https:\/\/www.printrovertti.fi\/?s={search_term_string}"},"query-input":{"@type":"PropertyValueSpecification","valueRequired":true,"valueName":"search_term_string"}}],"inLanguage":"fi"},{"@type":"Organization","@id":"https:\/\/www.printrovertti.fi\/#organization","name":"Printrovertti","url":"https:\/\/www.printrovertti.fi\/","logo":{"@type":"ImageObject","inLanguage":"fi","@id":"https:\/\/www.printrovertti.fi\/#\/schema\/logo\/image\/","url":"https:\/\/www.printrovertti.fi\/wp-content\/uploads\/2026\/02\/cropped-print.png","contentUrl":"https:\/\/www.printrovertti.fi\/wp-content\/uploads\/2026\/02\/cropped-print.png","width":1998,"height":799,"caption":"Printrovertti"},"image":{"@id":"https:\/\/www.printrovertti.fi\/#\/schema\/logo\/image\/"}}]}},"_links":{"self":[{"href":"https:\/\/www.printrovertti.fi\/index.php\/wp-json\/wp\/v2\/pages\/834","targetHints":{"allow":["GET"]}}],"collection":[{"href":"https:\/\/www.printrovertti.fi\/index.php\/wp-json\/wp\/v2\/pages"}],"about":[{"href":"https:\/\/www.printrovertti.fi\/index.php\/wp-json\/wp\/v2\/types\/page"}],"author":[{"embeddable":true,"href":"https:\/\/www.printrovertti.fi\/index.php\/wp-json\/wp\/v2\/users\/1"}],"replies":[{"embeddable":true,"href":"https:\/\/www.printrovertti.fi\/index.php\/wp-json\/wp\/v2\/comments?post=834"}],"version-history":[{"count":9,"href":"https:\/\/www.printrovertti.fi\/index.php\/wp-json\/wp\/v2\/pages\/834\/revisions"}],"predecessor-version":[{"id":967,"href":"https:\/\/www.printrovertti.fi\/index.php\/wp-json\/wp\/v2\/pages\/834\/revisions\/967"}],"wp:attachment":[{"href":"https:\/\/www.printrovertti.fi\/index.php\/wp-json\/wp\/v2\/media?parent=834"}],"curies":[{"name":"wp","href":"https:\/\/api.w.org\/{rel}","templated":true}]}}