{"id":3,"date":"2024-10-21T14:55:41","date_gmt":"2024-10-21T14:55:41","guid":{"rendered":"http:\/\/www.printrovertti.fi\/?page_id=3"},"modified":"2025-01-08T09:05:44","modified_gmt":"2025-01-08T07:05:44","slug":"privacy-policy","status":"publish","type":"page","link":"https:\/\/www.printrovertti.fi\/index.php\/privacy-policy\/","title":{"rendered":"Tietosuoja"},"content":{"rendered":"\n<h2 class=\"wp-block-heading\">rekisterinpit\u00e4j\u00e4<\/h2>\n\n\n\n<p><strong class=\"privacy-policy-tutorial\">Yritys:<\/strong> mes &amp; mis oy (y: 3440221-9).<\/p>\n\n\n\n<p>Postiosoite: Valurinkatu 2 D 12, 03600 Karkkila<\/p>\n\n\n\n<p>Rekisterist\u00e4 vastaava yhteyshenkil\u00f6: Hanna Salmisto<\/p>\n\n\n\n<h2 class=\"wp-block-heading\">Henkil\u00f6tietojen k\u00e4ytt\u00f6tarkoitus<\/h2>\n\n\n\n<p>Rekisterin pit\u00e4misen peruste: henkil\u00f6tietoja k\u00e4sitell\u00e4\u00e4n suostumuksen perusteella.<\/p>\n\n\n\n<p>Henkil\u00f6tietojen k\u00e4sittelyn tarkoitus: yhteydenpito, asiakassuhteen hoitaminen, palveluista kertominen.<\/p>\n\n\n\n<p>Emme k\u00e4yt\u00e4 tietoja automaattiseen p\u00e4\u00e4t\u00f6ksentekoon tai profilointiin.<\/p>\n\n\n\n<h2 class=\"wp-block-heading\">rekisteriin tallennettavat tiedot<\/h2>\n\n\n\n<p>Henkil\u00f6n nimi, yritys\/organisaatio, yhteystiedot (puhelin, s\u00e4hk\u00f6postiosoite), asiakastiedot (ostetut palvelut\/tuotteet, ladatut tiedostot, laskutustiedot), muut henkil\u00f6n itse antamat tiedot (mm. kotisivujen osoite).<\/p>\n\n\n\n<h2 class=\"wp-block-heading\">s\u00e4\u00e4nn\u00f6nmukaiset tietoL\u00e4hteet<\/h2>\n\n\n\n<p>Rekister\u00f6it\u00e4vi\u00e4 tietoja ker\u00e4t\u00e4\u00e4n:<\/p>\n\n\n\n<p>Yhteydenottolomake kotisivuilla ja\/tai myyntisivuilla.<\/p>\n\n\n\n<p>Asiakkaalta itselt\u00e4\u00e4n asiakassuhteen syntyess\u00e4 (esim. s\u00e4hk\u00f6posti, puhelu, sosiaalisen median kanava, tapaaminen).<\/p>\n\n\n\n<h2 class=\"wp-block-heading\">s\u00e4\u00e4nn\u00f6nmukaiset tietojen luovutukset<\/h2>\n\n\n\n<p>Tietoja ei luovuteta s\u00e4\u00e4nn\u00f6nmukaisesti muille tahoille. Henkil\u00f6tietoja ei siirret\u00e4 EU:n tai Euroopan talousalueen ulkopuolelle.<\/p>\n\n\n\n<p>K\u00e4yt\u00e4mme s\u00e4\u00e4nn\u00f6nmukaisesti seuraavaa palvelua, johon henkil\u00f6tiedot tallennetaan heid\u00e4n tietosuoja-asetuksensa mukaan:<\/p>\n\n\n\n<p>Kit<\/p>\n\n\n\n<p>MailerLite<\/p>\n\n\n\n<p>Holvi<\/p>\n\n\n\n<h2 class=\"wp-block-heading\">k\u00e4sittelyn kesto<\/h2>\n\n\n\n<p>Rekister\u00f6ity voi poistua markkinointilistaltamme jokaisen l\u00e4hett\u00e4m\u00e4ss\u00e4mme markkinointis\u00e4hk\u00f6postissa olevan linkin kautta. Rekister\u00f6ity voi pyyt\u00e4\u00e4 henkil\u00f6tietojensa poistamista milloin vaan.<\/p>\n\n\n\n<p>Asiakkaiden laskutustiedot s\u00e4ilytet\u00e4\u00e4n v\u00e4hint\u00e4\u00e4n kirjanpitolaissa m\u00e4\u00e4r\u00e4tyn 10 vuoden ajan.<\/p>\n\n\n\n<h2 class=\"wp-block-heading\">henkil\u00f6tietojen k\u00e4sittelij\u00e4t<\/h2>\n\n\n\n<p>Rekisteri\u00e4 k\u00e4sittelev\u00e4t yrityksen mes &amp; mis oy (printrovertti.fi) ty\u00f6ntekij\u00e4t. Yrityksen ulkopuolinen kirjanpit\u00e4j\u00e4 k\u00e4sittelee laskutettavien asiakkaiden tietoja niilt\u00e4 osin kuin se on tarpeellista.<\/p>\n\n\n\n<p>Voimme my\u00f6s ulkoistaa henkil\u00f6tietojen k\u00e4sittelyn osittain kolmannelle osapuolelle, jolloin takaamme sopimusj\u00e4rjestelyin, ett\u00e4 henkil\u00f6tietoja k\u00e4sitell\u00e4\u00e4n voimassa olevan tietosuojalains\u00e4\u00e4d\u00e4nn\u00f6n mukaisesti ja muutoin asianmukaisesti.<\/p>\n\n\n\n<h2 class=\"wp-block-heading\">rekister\u00f6idyn oikeudet<\/h2>\n\n\n\n<p><strong>Tarkastusoikeus&nbsp;<\/strong><\/p>\n\n\n\n<p>Rekister\u00f6idyll\u00e4 on oikeus tarkistaa tallentamamme henkil\u00f6tiedot.&nbsp;&nbsp;<\/p>\n\n\n\n<p><strong>Oikeus tietojen oikaisemiseen<\/strong><\/p>\n\n\n\n<p>Rekister\u00f6ity voi pyyt\u00e4\u00e4 oikaisemaan h\u00e4nt\u00e4 koskevat virheelliset tai puutteelliset tiedot.<\/p>\n\n\n\n<p><strong>Vastustamisoikeus<\/strong>&nbsp;<\/p>\n\n\n\n<p>Rekister\u00f6ity voi vastustaa henkil\u00f6tietojen k\u00e4sittely\u00e4, mik\u00e4li kokee, ett\u00e4 henkil\u00f6tietoja on k\u00e4sitelty lainvastaisesti.&nbsp;&nbsp;<\/p>\n\n\n\n<p><strong>Suoramarkkinointikielto<\/strong>&nbsp;<\/p>\n\n\n\n<p>Rekister\u00f6idyll\u00e4 on oikeus kielt\u00e4\u00e4 tietojen k\u00e4ytt\u00e4minen suoramarkkinointiin.&nbsp;<\/p>\n\n\n\n<p><strong>Poisto-oikeus&nbsp;<\/strong><\/p>\n\n\n\n<p>Rekister\u00f6idyll\u00e4 on oikeus pyyt\u00e4\u00e4 tietojen poistamista, jos tietojen k\u00e4sittely ei ole tarpeen. K\u00e4sittelemme poistopyynn\u00f6n, jonka j\u00e4lkeen joko poistamme tiedot tai ilmoitamme perustellun syyn, miksi tietoja ei voida poistaa.&nbsp;&nbsp;<\/p>\n\n\n\n<p>Kirjanpitoon liittyv\u00e4\u00e4 aineistoa ei voida poistaa ennen 10 vuoden m\u00e4\u00e4r\u00e4ajan umpeutumista.<\/p>\n\n\n\n<p><strong>Suostumuksen peruuttaminen<\/strong><\/p>\n\n\n\n<p>Jos rekister\u00f6ity\u00e4 koskeva henkil\u00f6tietojen k\u00e4sittely perustuu ainoastaan suostumukseen, eik\u00e4 esim. asiakkuuteen tai j\u00e4senyyteen, voi rekister\u00f6ity peruuttaa suostumuksen.<\/p>\n\n\n\n<p><strong>Rekister\u00f6ity voi valittaa p\u00e4\u00e4t\u00f6ksest\u00e4 tietosuojavaltuutetulle<\/strong>&nbsp;<\/p>\n\n\n\n<p>Rekister\u00f6idyll\u00e4 on oikeus vaatia, ett\u00e4 rajoitamme kiistanalaisten tietojen k\u00e4sittely\u00e4 siksi aikaa, kunnes asia saadaan ratkaistua.&nbsp;<\/p>\n\n\n\n<p><strong>Valitusoikeus&nbsp;<\/strong><\/p>\n\n\n\n<p>Rekister\u00f6idyll\u00e4 on oikeus tehd\u00e4 valitus tietosuojavaltuutetulle kantelu, jos h\u00e4n kokee, ett\u00e4 rikomme henkil\u00f6tietoja k\u00e4sitelless\u00e4mme voimassa olevaa tietosuojalains\u00e4\u00e4d\u00e4nt\u00f6\u00e4.&nbsp;Tietosuojavaltuutetun yhteystiedot:<\/p>\n","protected":false},"excerpt":{"rendered":"<p>rekisterinpit\u00e4j\u00e4 Yritys: mes &amp; mis oy (y: 3440221-9). Postiosoite: Valurinkatu 2 D 12, 03600 Karkkila Rekisterist\u00e4 vastaava yhteyshenkil\u00f6: Hanna Salmisto Henkil\u00f6tietojen k\u00e4ytt\u00f6tarkoitus Rekisterin pit\u00e4misen peruste: henkil\u00f6tietoja k\u00e4sitell\u00e4\u00e4n suostumuksen perusteella. Henkil\u00f6tietojen k\u00e4sittelyn tarkoitus: yhteydenpito, asiakassuhteen hoitaminen, palveluista kertominen. Emme k\u00e4yt\u00e4 tietoja automaattiseen p\u00e4\u00e4t\u00f6ksentekoon tai profilointiin. rekisteriin tallennettavat tiedot Henkil\u00f6n nimi, yritys\/organisaatio, yhteystiedot (puhelin, s\u00e4hk\u00f6postiosoite), asiakastiedot (ostetut&#8230;<\/p>\n","protected":false},"author":1,"featured_media":0,"parent":0,"menu_order":0,"comment_status":"closed","ping_status":"open","template":"","meta":{"_kadence_starter_templates_imported_post":false,"_kad_post_transparent":"","_kad_post_title":"","_kad_post_layout":"","_kad_post_sidebar_id":"","_kad_post_content_style":"","_kad_post_vertical_padding":"","_kad_post_feature":"","_kad_post_feature_position":"","_kad_post_header":false,"_kad_post_footer":false,"_kad_post_classname":"","iawp_total_views":17,"footnotes":""},"class_list":["post-3","page","type-page","status-publish","hentry"],"yoast_head":"<!-- This site is optimized with the Yoast SEO plugin v27.4 - https:\/\/yoast.com\/product\/yoast-seo-wordpress\/ -->\n<title>Tietosuoja - Printrovertti<\/title>\n<meta name=\"description\" content=\"Tutustu printrovertti.fi -sivuston tietosuojak\u00e4yt\u00e4nt\u00f6ihin. Arvostamme yksityisyytt\u00e4si.\" \/>\n<meta name=\"robots\" content=\"index, follow, max-snippet:-1, max-image-preview:large, max-video-preview:-1\" \/>\n<link rel=\"canonical\" href=\"https:\/\/www.printrovertti.fi\/index.php\/privacy-policy\/\" \/>\n<meta property=\"og:locale\" content=\"fi_FI\" \/>\n<meta property=\"og:type\" content=\"article\" \/>\n<meta property=\"og:title\" content=\"Tietosuoja - Printrovertti\" \/>\n<meta property=\"og:description\" content=\"Tutustu printrovertti.fi -sivuston tietosuojak\u00e4yt\u00e4nt\u00f6ihin. Arvostamme yksityisyytt\u00e4si.\" \/>\n<meta property=\"og:url\" content=\"https:\/\/www.printrovertti.fi\/index.php\/privacy-policy\/\" \/>\n<meta property=\"og:site_name\" content=\"Printrovertti\" \/>\n<meta property=\"article:modified_time\" content=\"2025-01-08T07:05:44+00:00\" \/>\n<meta name=\"twitter:card\" content=\"summary_large_image\" \/>\n<meta name=\"twitter:label1\" content=\"Arvioitu lukuaika\" \/>\n\t<meta name=\"twitter:data1\" content=\"3 minuuttia\" \/>\n<script type=\"application\/ld+json\" class=\"yoast-schema-graph\">{\"@context\":\"https:\\\/\\\/schema.org\",\"@graph\":[{\"@type\":\"WebPage\",\"@id\":\"https:\\\/\\\/www.printrovertti.fi\\\/index.php\\\/privacy-policy\\\/\",\"url\":\"https:\\\/\\\/www.printrovertti.fi\\\/index.php\\\/privacy-policy\\\/\",\"name\":\"Tietosuoja - Printrovertti\",\"isPartOf\":{\"@id\":\"https:\\\/\\\/www.printrovertti.fi\\\/#website\"},\"datePublished\":\"2024-10-21T14:55:41+00:00\",\"dateModified\":\"2025-01-08T07:05:44+00:00\",\"description\":\"Tutustu printrovertti.fi -sivuston tietosuojak\u00e4yt\u00e4nt\u00f6ihin. Arvostamme yksityisyytt\u00e4si.\",\"breadcrumb\":{\"@id\":\"https:\\\/\\\/www.printrovertti.fi\\\/index.php\\\/privacy-policy\\\/#breadcrumb\"},\"inLanguage\":\"fi\",\"potentialAction\":[{\"@type\":\"ReadAction\",\"target\":[\"https:\\\/\\\/www.printrovertti.fi\\\/index.php\\\/privacy-policy\\\/\"]}]},{\"@type\":\"BreadcrumbList\",\"@id\":\"https:\\\/\\\/www.printrovertti.fi\\\/index.php\\\/privacy-policy\\\/#breadcrumb\",\"itemListElement\":[{\"@type\":\"ListItem\",\"position\":1,\"name\":\"Etusivu\",\"item\":\"https:\\\/\\\/www.printrovertti.fi\\\/\"},{\"@type\":\"ListItem\",\"position\":2,\"name\":\"Tietosuoja\"}]},{\"@type\":\"WebSite\",\"@id\":\"https:\\\/\\\/www.printrovertti.fi\\\/#website\",\"url\":\"https:\\\/\\\/www.printrovertti.fi\\\/\",\"name\":\"Printrovertti\",\"description\":\"Kirjoittajan kotisivu ja julkaisualusta\",\"publisher\":{\"@id\":\"https:\\\/\\\/www.printrovertti.fi\\\/#organization\"},\"potentialAction\":[{\"@type\":\"SearchAction\",\"target\":{\"@type\":\"EntryPoint\",\"urlTemplate\":\"https:\\\/\\\/www.printrovertti.fi\\\/?s={search_term_string}\"},\"query-input\":{\"@type\":\"PropertyValueSpecification\",\"valueRequired\":true,\"valueName\":\"search_term_string\"}}],\"inLanguage\":\"fi\"},{\"@type\":\"Organization\",\"@id\":\"https:\\\/\\\/www.printrovertti.fi\\\/#organization\",\"name\":\"Printrovertti\",\"url\":\"https:\\\/\\\/www.printrovertti.fi\\\/\",\"logo\":{\"@type\":\"ImageObject\",\"inLanguage\":\"fi\",\"@id\":\"https:\\\/\\\/www.printrovertti.fi\\\/#\\\/schema\\\/logo\\\/image\\\/\",\"url\":\"https:\\\/\\\/www.printrovertti.fi\\\/wp-content\\\/uploads\\\/2026\\\/02\\\/cropped-print.png\",\"contentUrl\":\"https:\\\/\\\/www.printrovertti.fi\\\/wp-content\\\/uploads\\\/2026\\\/02\\\/cropped-print.png\",\"width\":1998,\"height\":799,\"caption\":\"Printrovertti\"},\"image\":{\"@id\":\"https:\\\/\\\/www.printrovertti.fi\\\/#\\\/schema\\\/logo\\\/image\\\/\"}}]}<\/script>\n<!-- \/ Yoast SEO plugin. -->","yoast_head_json":{"title":"Tietosuoja - Printrovertti","description":"Tutustu printrovertti.fi -sivuston tietosuojak\u00e4yt\u00e4nt\u00f6ihin. Arvostamme yksityisyytt\u00e4si.","robots":{"index":"index","follow":"follow","max-snippet":"max-snippet:-1","max-image-preview":"max-image-preview:large","max-video-preview":"max-video-preview:-1"},"canonical":"https:\/\/www.printrovertti.fi\/index.php\/privacy-policy\/","og_locale":"fi_FI","og_type":"article","og_title":"Tietosuoja - Printrovertti","og_description":"Tutustu printrovertti.fi -sivuston tietosuojak\u00e4yt\u00e4nt\u00f6ihin. Arvostamme yksityisyytt\u00e4si.","og_url":"https:\/\/www.printrovertti.fi\/index.php\/privacy-policy\/","og_site_name":"Printrovertti","article_modified_time":"2025-01-08T07:05:44+00:00","twitter_card":"summary_large_image","twitter_misc":{"Arvioitu lukuaika":"3 minuuttia"},"schema":{"@context":"https:\/\/schema.org","@graph":[{"@type":"WebPage","@id":"https:\/\/www.printrovertti.fi\/index.php\/privacy-policy\/","url":"https:\/\/www.printrovertti.fi\/index.php\/privacy-policy\/","name":"Tietosuoja - Printrovertti","isPartOf":{"@id":"https:\/\/www.printrovertti.fi\/#website"},"datePublished":"2024-10-21T14:55:41+00:00","dateModified":"2025-01-08T07:05:44+00:00","description":"Tutustu printrovertti.fi -sivuston tietosuojak\u00e4yt\u00e4nt\u00f6ihin. Arvostamme yksityisyytt\u00e4si.","breadcrumb":{"@id":"https:\/\/www.printrovertti.fi\/index.php\/privacy-policy\/#breadcrumb"},"inLanguage":"fi","potentialAction":[{"@type":"ReadAction","target":["https:\/\/www.printrovertti.fi\/index.php\/privacy-policy\/"]}]},{"@type":"BreadcrumbList","@id":"https:\/\/www.printrovertti.fi\/index.php\/privacy-policy\/#breadcrumb","itemListElement":[{"@type":"ListItem","position":1,"name":"Etusivu","item":"https:\/\/www.printrovertti.fi\/"},{"@type":"ListItem","position":2,"name":"Tietosuoja"}]},{"@type":"WebSite","@id":"https:\/\/www.printrovertti.fi\/#website","url":"https:\/\/www.printrovertti.fi\/","name":"Printrovertti","description":"Kirjoittajan kotisivu ja julkaisualusta","publisher":{"@id":"https:\/\/www.printrovertti.fi\/#organization"},"potentialAction":[{"@type":"SearchAction","target":{"@type":"EntryPoint","urlTemplate":"https:\/\/www.printrovertti.fi\/?s={search_term_string}"},"query-input":{"@type":"PropertyValueSpecification","valueRequired":true,"valueName":"search_term_string"}}],"inLanguage":"fi"},{"@type":"Organization","@id":"https:\/\/www.printrovertti.fi\/#organization","name":"Printrovertti","url":"https:\/\/www.printrovertti.fi\/","logo":{"@type":"ImageObject","inLanguage":"fi","@id":"https:\/\/www.printrovertti.fi\/#\/schema\/logo\/image\/","url":"https:\/\/www.printrovertti.fi\/wp-content\/uploads\/2026\/02\/cropped-print.png","contentUrl":"https:\/\/www.printrovertti.fi\/wp-content\/uploads\/2026\/02\/cropped-print.png","width":1998,"height":799,"caption":"Printrovertti"},"image":{"@id":"https:\/\/www.printrovertti.fi\/#\/schema\/logo\/image\/"}}]}},"_links":{"self":[{"href":"https:\/\/www.printrovertti.fi\/index.php\/wp-json\/wp\/v2\/pages\/3","targetHints":{"allow":["GET"]}}],"collection":[{"href":"https:\/\/www.printrovertti.fi\/index.php\/wp-json\/wp\/v2\/pages"}],"about":[{"href":"https:\/\/www.printrovertti.fi\/index.php\/wp-json\/wp\/v2\/types\/page"}],"author":[{"embeddable":true,"href":"https:\/\/www.printrovertti.fi\/index.php\/wp-json\/wp\/v2\/users\/1"}],"replies":[{"embeddable":true,"href":"https:\/\/www.printrovertti.fi\/index.php\/wp-json\/wp\/v2\/comments?post=3"}],"version-history":[{"count":2,"href":"https:\/\/www.printrovertti.fi\/index.php\/wp-json\/wp\/v2\/pages\/3\/revisions"}],"predecessor-version":[{"id":204,"href":"https:\/\/www.printrovertti.fi\/index.php\/wp-json\/wp\/v2\/pages\/3\/revisions\/204"}],"wp:attachment":[{"href":"https:\/\/www.printrovertti.fi\/index.php\/wp-json\/wp\/v2\/media?parent=3"}],"curies":[{"name":"wp","href":"https:\/\/api.w.org\/{rel}","templated":true}]}}